{"id":6,"date":"2023-06-23T18:39:46","date_gmt":"2023-06-23T16:39:46","guid":{"rendered":"https:\/\/oilon.lndo.site\/?page_id=6"},"modified":"2024-01-29T13:22:24","modified_gmt":"2024-01-29T12:22:24","slug":"przemyslowe-pompy-ciepla","status":"publish","type":"page","link":"https:\/\/przemysl.gazuno.pl\/","title":{"rendered":"Przemys\u0142owe pompy ciep\u0142a"},"content":{"rendered":"","protected":false},"excerpt":{"rendered":"","protected":false},"author":1,"featured_media":0,"parent":0,"menu_order":0,"comment_status":"closed","ping_status":"closed","template":"","meta":{"footnotes":""},"class_list":["post-6","page","type-page","status-publish","hentry"],"acf":[],"yoast_head":"<!-- This site is optimized with the Yoast SEO plugin v20.10 - https:\/\/yoast.com\/wordpress\/plugins\/seo\/ -->\n<title>Przemys\u0142owe pompy ciep\u0142a | GAZUNO<\/title>\n<meta name=\"description\" content=\"Odzysk ciep\u0142a, ogrzewanie, ch\u0142odzenie - poznaj wszystkie zastosowania przemys\u0142owe pompy ciep\u0142a. Sektor spo\u017cywczy, ciep\u0142ownie, serwerownie\" \/>\n<meta name=\"robots\" content=\"index, follow, max-snippet:-1, max-image-preview:large, max-video-preview:-1\" \/>\n<link rel=\"canonical\" href=\"https:\/\/przemysl.gazuno.pl\/\" \/>\n<meta property=\"og:locale\" content=\"pl_PL\" \/>\n<meta property=\"og:type\" content=\"article\" \/>\n<meta property=\"og:title\" content=\"Pompy ciep\u0142a dla przemys\u0142u\" \/>\n<meta property=\"og:description\" content=\"Obni\u017cenie koszt\u00f3w sta\u0142ych \u2013 ogrzewania, ch\u0142odzenia dzi\u0119ki wykorzystywaniu ciep\u0142a pozostaj\u0105cego po procesach produkcyjnych.\" \/>\n<meta property=\"og:url\" content=\"https:\/\/przemysl.gazuno.pl\/\" \/>\n<meta property=\"og:site_name\" content=\"Przemys\u0142owe pompy ciep\u0142a\" \/>\n<meta property=\"article:modified_time\" content=\"2024-01-29T12:22:24+00:00\" \/>\n<meta property=\"og:image\" content=\"https:\/\/przemysl.gazuno.pl\/wp-content\/uploads\/2023\/06\/Group-74.png\" \/>\n\t<meta property=\"og:image:width\" content=\"1311\" \/>\n\t<meta property=\"og:image:height\" content=\"1212\" \/>\n\t<meta property=\"og:image:type\" content=\"image\/png\" \/>\n<meta name=\"twitter:card\" content=\"summary_large_image\" \/>\n<meta name=\"twitter:title\" content=\"Przemys\u0142owe pompy ciep\u0142a\" \/>\n<meta name=\"twitter:description\" content=\"Obni\u017cenie koszt\u00f3w sta\u0142ych \u2013 ogrzewania, ch\u0142odzenia dzi\u0119ki wykorzystywaniu ciep\u0142a pozostaj\u0105cego po procesach produkcyjnych.\" \/>\n<meta name=\"twitter:image\" content=\"https:\/\/przemysl.gazuno.pl\/wp-content\/uploads\/2023\/06\/Group-73.png\" \/>\n<script type=\"application\/ld+json\" class=\"yoast-schema-graph\">{\"@context\":\"https:\/\/schema.org\",\"@graph\":[{\"@type\":\"WebPage\",\"@id\":\"https:\/\/przemysl.gazuno.pl\/\",\"url\":\"https:\/\/przemysl.gazuno.pl\/\",\"name\":\"Przemys\u0142owe pompy ciep\u0142a | GAZUNO\",\"isPartOf\":{\"@id\":\"https:\/\/przemysl.gazuno.pl\/#website\"},\"datePublished\":\"2023-06-23T16:39:46+00:00\",\"dateModified\":\"2024-01-29T12:22:24+00:00\",\"description\":\"Odzysk ciep\u0142a, ogrzewanie, ch\u0142odzenie - poznaj wszystkie zastosowania przemys\u0142owe pompy ciep\u0142a. Sektor spo\u017cywczy, ciep\u0142ownie, serwerownie\",\"breadcrumb\":{\"@id\":\"https:\/\/przemysl.gazuno.pl\/#breadcrumb\"},\"inLanguage\":\"pl-PL\",\"potentialAction\":[{\"@type\":\"ReadAction\",\"target\":[\"https:\/\/przemysl.gazuno.pl\/\"]}]},{\"@type\":\"BreadcrumbList\",\"@id\":\"https:\/\/przemysl.gazuno.pl\/#breadcrumb\",\"itemListElement\":[{\"@type\":\"ListItem\",\"position\":1,\"name\":\"Strona g\u0142\u00f3wna\",\"item\":\"https:\/\/przemysl.gazuno.pl\/\"},{\"@type\":\"ListItem\",\"position\":2,\"name\":\"Przemys\u0142owe pompy ciep\u0142a\"}]},{\"@type\":\"WebSite\",\"@id\":\"https:\/\/przemysl.gazuno.pl\/#website\",\"url\":\"https:\/\/przemysl.gazuno.pl\/\",\"name\":\"Przemys\u0142owe pompy ciep\u0142a\",\"description\":\"GAZUNO\",\"potentialAction\":[{\"@type\":\"SearchAction\",\"target\":{\"@type\":\"EntryPoint\",\"urlTemplate\":\"https:\/\/przemysl.gazuno.pl\/?s={search_term_string}\"},\"query-input\":\"required name=search_term_string\"}],\"inLanguage\":\"pl-PL\"}]}<\/script>\n<!-- \/ Yoast SEO plugin. -->","yoast_head_json":{"title":"Przemys\u0142owe pompy ciep\u0142a | GAZUNO","description":"Odzysk ciep\u0142a, ogrzewanie, ch\u0142odzenie - poznaj wszystkie zastosowania przemys\u0142owe pompy ciep\u0142a. Sektor spo\u017cywczy, ciep\u0142ownie, serwerownie","robots":{"index":"index","follow":"follow","max-snippet":"max-snippet:-1","max-image-preview":"max-image-preview:large","max-video-preview":"max-video-preview:-1"},"canonical":"https:\/\/przemysl.gazuno.pl\/","og_locale":"pl_PL","og_type":"article","og_title":"Pompy ciep\u0142a dla przemys\u0142u","og_description":"Obni\u017cenie koszt\u00f3w sta\u0142ych \u2013 ogrzewania, ch\u0142odzenia dzi\u0119ki wykorzystywaniu ciep\u0142a pozostaj\u0105cego po procesach produkcyjnych.","og_url":"https:\/\/przemysl.gazuno.pl\/","og_site_name":"Przemys\u0142owe pompy ciep\u0142a","article_modified_time":"2024-01-29T12:22:24+00:00","og_image":[{"width":1311,"height":1212,"url":"https:\/\/przemysl.gazuno.pl\/wp-content\/uploads\/2023\/06\/Group-74.png","type":"image\/png"}],"twitter_card":"summary_large_image","twitter_title":"Przemys\u0142owe pompy ciep\u0142a","twitter_description":"Obni\u017cenie koszt\u00f3w sta\u0142ych \u2013 ogrzewania, ch\u0142odzenia dzi\u0119ki wykorzystywaniu ciep\u0142a pozostaj\u0105cego po procesach produkcyjnych.","twitter_image":"https:\/\/przemysl.gazuno.pl\/wp-content\/uploads\/2023\/06\/Group-73.png","schema":{"@context":"https:\/\/schema.org","@graph":[{"@type":"WebPage","@id":"https:\/\/przemysl.gazuno.pl\/","url":"https:\/\/przemysl.gazuno.pl\/","name":"Przemys\u0142owe pompy ciep\u0142a | GAZUNO","isPartOf":{"@id":"https:\/\/przemysl.gazuno.pl\/#website"},"datePublished":"2023-06-23T16:39:46+00:00","dateModified":"2024-01-29T12:22:24+00:00","description":"Odzysk ciep\u0142a, ogrzewanie, ch\u0142odzenie - poznaj wszystkie zastosowania przemys\u0142owe pompy ciep\u0142a. Sektor spo\u017cywczy, ciep\u0142ownie, serwerownie","breadcrumb":{"@id":"https:\/\/przemysl.gazuno.pl\/#breadcrumb"},"inLanguage":"pl-PL","potentialAction":[{"@type":"ReadAction","target":["https:\/\/przemysl.gazuno.pl\/"]}]},{"@type":"BreadcrumbList","@id":"https:\/\/przemysl.gazuno.pl\/#breadcrumb","itemListElement":[{"@type":"ListItem","position":1,"name":"Strona g\u0142\u00f3wna","item":"https:\/\/przemysl.gazuno.pl\/"},{"@type":"ListItem","position":2,"name":"Przemys\u0142owe pompy ciep\u0142a"}]},{"@type":"WebSite","@id":"https:\/\/przemysl.gazuno.pl\/#website","url":"https:\/\/przemysl.gazuno.pl\/","name":"Przemys\u0142owe pompy ciep\u0142a","description":"GAZUNO","potentialAction":[{"@type":"SearchAction","target":{"@type":"EntryPoint","urlTemplate":"https:\/\/przemysl.gazuno.pl\/?s={search_term_string}"},"query-input":"required name=search_term_string"}],"inLanguage":"pl-PL"}]}},"_links":{"self":[{"href":"https:\/\/przemysl.gazuno.pl\/index.php\/wp-json\/wp\/v2\/pages\/6","targetHints":{"allow":["GET"]}}],"collection":[{"href":"https:\/\/przemysl.gazuno.pl\/index.php\/wp-json\/wp\/v2\/pages"}],"about":[{"href":"https:\/\/przemysl.gazuno.pl\/index.php\/wp-json\/wp\/v2\/types\/page"}],"author":[{"embeddable":true,"href":"https:\/\/przemysl.gazuno.pl\/index.php\/wp-json\/wp\/v2\/users\/1"}],"replies":[{"embeddable":true,"href":"https:\/\/przemysl.gazuno.pl\/index.php\/wp-json\/wp\/v2\/comments?post=6"}],"version-history":[{"count":28,"href":"https:\/\/przemysl.gazuno.pl\/index.php\/wp-json\/wp\/v2\/pages\/6\/revisions"}],"predecessor-version":[{"id":116,"href":"https:\/\/przemysl.gazuno.pl\/index.php\/wp-json\/wp\/v2\/pages\/6\/revisions\/116"}],"wp:attachment":[{"href":"https:\/\/przemysl.gazuno.pl\/index.php\/wp-json\/wp\/v2\/media?parent=6"}],"curies":[{"name":"wp","href":"https:\/\/api.w.org\/{rel}","templated":true}]}}